{"id":42,"date":"2016-02-08T23:35:59","date_gmt":"2016-02-08T23:35:59","guid":{"rendered":"http:\/\/98.142.98.18\/~sbccrindust\/?page_id=42"},"modified":"2019-03-11T20:32:02","modified_gmt":"2019-03-11T20:32:02","slug":"vulcanizacion","status":"publish","type":"page","link":"http:\/\/sbcostaricaindustrial.com\/?page_id=42","title":{"rendered":"Vulcanizaci\u00f3n"},"content":{"rendered":"<p>VULCANIZACION DE TAMA\u00d1OS GRANDES DE O &#8211; RING DIFERENTES MATERIALES ( SILICONE- NITRILO- NEOPRENE-FLUOROELASTOMER-ETHYLENE PROPYLENE ) Y PERFILES ( RECTANGULAR &#8211; CUADRADO &#8211; REDONDO )<\/p>\n<p><img loading=\"lazy\" decoding=\"async\" class=\"alignright size-medium wp-image-43\" src=\"http:\/\/98.142.98.18\/~sbccrindust\/wp-content\/uploads\/2016\/02\/Vulcanizacion1-221x300.png\" alt=\"Vulcanizacion1\" width=\"221\" height=\"300\" srcset=\"http:\/\/sbcostaricaindustrial.com\/wp-content\/uploads\/2016\/02\/Vulcanizacion1-221x300.png 221w, http:\/\/sbcostaricaindustrial.com\/wp-content\/uploads\/2016\/02\/Vulcanizacion1.png 300w\" sizes=\"auto, (max-width: 221px) 100vw, 221px\" \/>Hay un gran y creciente demanda de \u00abno est\u00e1ndar\u00bb O-Ring \u00a0tama\u00f1os que deben ser fabricados a medida.<\/p>\n<p>Estos tama\u00f1os no est\u00e1ndar de las juntas t\u00f3ricas se fabrican a las especificaciones exactas de nuestros clientes a partir de la acci\u00f3n del cord\u00f3n .<br \/>\nAdem\u00e1s, vulcanizar juntas que son demasiado grandes para ser cortado en una pieza. Estos se cortan en secciones y vulcanizado a adaptarse a pr\u00e1cticamente cualquier requerimiento.<\/p>\n<p><strong>EMPAQUES DE GRAN TAMA\u00d1O<\/strong><\/p>\n<p>Fabricaci\u00f3n de Empaques Industriales de dimensiones de gran tama\u00f1o de acuerdo a las especificaciones t\u00e9cnicas y requerimientos solicitados por el cliente, las juntas vulcanizadas que son demasiado grandes para ser cortados en\u00a0una pieza. Estos se cortan en secciones y vulcanizado a cabida a pr\u00e1cticamente cualquier requisito.<\/p>\n<p>Empaques de Acoples En Materiales Neoprene,Fluoroelastomer,Butyl,Silicon,Epdm,Buna. Material F.D.A.<br \/>\nLaminas Sint\u00e9ticas ( No asbestos ) Marcas Klingersil \/ Garlock Aplicaciones Agua Caliente,Vapor,Gas,Derivados de Petr\u00f3leo,Altas Temperaturas,Resistencia Mec\u00e1nica.<\/p>\n","protected":false},"excerpt":{"rendered":"<p>VULCANIZACION DE TAMA\u00d1OS GRANDES DE O &#8211; RING DIFERENTES MATERIALES ( SILICONE- NITRILO- NEOPRENE-FLUOROELASTOMER-ETHYLENE PROPYLENE ) Y PERFILES ( RECTANGULAR &#8211; CUADRADO &#8211; REDONDO ) Hay un gran y creciente demanda de \u00abno est\u00e1ndar\u00bb O-Ring \u00a0tama\u00f1os que deben ser fabricados a medida. Estos tama\u00f1os no est\u00e1ndar de las juntas t\u00f3ricas se fabrican a las especificaciones [&hellip;]<\/p>\n","protected":false},"author":1,"featured_media":0,"parent":0,"menu_order":0,"comment_status":"closed","ping_status":"closed","template":"","meta":{"footnotes":""},"class_list":["post-42","page","type-page","status-publish","hentry"],"_links":{"self":[{"href":"http:\/\/sbcostaricaindustrial.com\/index.php?rest_route=\/wp\/v2\/pages\/42","targetHints":{"allow":["GET"]}}],"collection":[{"href":"http:\/\/sbcostaricaindustrial.com\/index.php?rest_route=\/wp\/v2\/pages"}],"about":[{"href":"http:\/\/sbcostaricaindustrial.com\/index.php?rest_route=\/wp\/v2\/types\/page"}],"author":[{"embeddable":true,"href":"http:\/\/sbcostaricaindustrial.com\/index.php?rest_route=\/wp\/v2\/users\/1"}],"replies":[{"embeddable":true,"href":"http:\/\/sbcostaricaindustrial.com\/index.php?rest_route=%2Fwp%2Fv2%2Fcomments&post=42"}],"version-history":[{"count":2,"href":"http:\/\/sbcostaricaindustrial.com\/index.php?rest_route=\/wp\/v2\/pages\/42\/revisions"}],"predecessor-version":[{"id":52,"href":"http:\/\/sbcostaricaindustrial.com\/index.php?rest_route=\/wp\/v2\/pages\/42\/revisions\/52"}],"wp:attachment":[{"href":"http:\/\/sbcostaricaindustrial.com\/index.php?rest_route=%2Fwp%2Fv2%2Fmedia&parent=42"}],"curies":[{"name":"wp","href":"https:\/\/api.w.org\/{rel}","templated":true}]}}