{"id":5,"date":"2016-02-08T22:23:32","date_gmt":"2016-02-08T22:23:32","guid":{"rendered":"http:\/\/98.142.98.18\/~sbccrindust\/?page_id=5"},"modified":"2023-08-01T22:57:03","modified_gmt":"2023-08-01T22:57:03","slug":"inicio","status":"publish","type":"page","link":"http:\/\/sbcostaricaindustrial.com\/","title":{"rendered":"Bienvenidos a Seals &#038; Belt Costa Rica Industrial."},"content":{"rendered":"<p><strong><em><img loading=\"lazy\" decoding=\"async\" class=\"alignright size-medium wp-image-22\" src=\"http:\/\/sbcostaricaindustrial.com\/wp-content\/uploads\/2016\/02\/O-Ring-Diferentes-Aplicaciones-300x225.jpg\" alt=\"O -Ring Diferentes Aplicaciones\" width=\"300\" height=\"225\" \/>Seals &amp; Belt.Costa Rica Industrial<\/em><\/strong>.<br \/>\nSomos una empresa especializada en vender sellos y empaque hechos a la medida en diferentes tipos de material y perfil, hidr\u00e1ulicos y neum\u00e1ticos, para los diferentes tipos de Industria Alimenticia-qu\u00edmico y petroleoqu\u00edmico-maquinaria y equipo-metal\u00fargico-naval-miner\u00eda y fajas industriales especiales.<\/p>\n<p><span style=\"color: #808080;\"><em><strong>Fabricaci\u00f3n de Empaques Industriales de dimensiones de gran tama\u00f1o<\/strong><\/em><\/span> de acuerdo a las especificaciones t\u00e9cnicas y requerimientos solicitados por el cliente, las juntas vulcanizadas que son demasiado grandes para ser cortados en\u00a0una pieza. Estos se cortan en secciones y vulcanizado a cabida a pr\u00e1cticamente cualquier requisito.<\/p>\n<p><img decoding=\"async\" class=\"aligncenter\" src=\"http:\/\/sbcostaricaindustrial.com\/wp-content\/uploads\/2020\/12\/DISTRIBUIDOR-DURLON-COSTA-RICA.png\" \/><\/p>\n<p style=\"text-align: center;\"><strong>VULCANIZACION DE TAMA\u00d1OS GRANDES DE O &#8211; RING \u00a0DIFERENTES MATERIALES<\/strong><br \/>\n<strong> ( SILICONE- NITRILO- NEOPRENE-FLUOROELASTOMER-ETHYLENE PROPYLENE )<\/strong><br \/>\n<strong> Y PERFILES \u00a0 ( RECTANGULAR &#8211; CUADRADO &#8211; REDONDO )<\/strong><\/p>\n<p style=\"text-align: center;\"><a href=\"https:\/\/waze.com\/ul\/hd1u0ypmj8\" target=\"_blank\" rel=\"noopener\"><img loading=\"lazy\" decoding=\"async\" class=\"alignnone size-medium wp-image-227\" src=\"http:\/\/sbcostaricaindustrial.com\/wp-content\/uploads\/2023\/08\/encuentranos-300x113.png\" alt=\"\" width=\"300\" height=\"113\" srcset=\"http:\/\/sbcostaricaindustrial.com\/wp-content\/uploads\/2023\/08\/encuentranos-300x113.png 300w, http:\/\/sbcostaricaindustrial.com\/wp-content\/uploads\/2023\/08\/encuentranos.png 448w\" sizes=\"auto, (max-width: 300px) 100vw, 300px\" \/><\/a><\/p>\n","protected":false},"excerpt":{"rendered":"<p>Seals &amp; Belt.Costa Rica Industrial. Somos una empresa especializada en vender sellos y empaque hechos a la medida en diferentes tipos de material y perfil, hidr\u00e1ulicos y neum\u00e1ticos, para los diferentes tipos de Industria Alimenticia-qu\u00edmico y petroleoqu\u00edmico-maquinaria y equipo-metal\u00fargico-naval-miner\u00eda y fajas industriales especiales. Fabricaci\u00f3n de Empaques Industriales de dimensiones de gran tama\u00f1o de acuerdo a [&hellip;]<\/p>\n","protected":false},"author":1,"featured_media":0,"parent":0,"menu_order":0,"comment_status":"closed","ping_status":"closed","template":"","meta":{"footnotes":""},"class_list":["post-5","page","type-page","status-publish","hentry"],"_links":{"self":[{"href":"http:\/\/sbcostaricaindustrial.com\/index.php?rest_route=\/wp\/v2\/pages\/5","targetHints":{"allow":["GET"]}}],"collection":[{"href":"http:\/\/sbcostaricaindustrial.com\/index.php?rest_route=\/wp\/v2\/pages"}],"about":[{"href":"http:\/\/sbcostaricaindustrial.com\/index.php?rest_route=\/wp\/v2\/types\/page"}],"author":[{"embeddable":true,"href":"http:\/\/sbcostaricaindustrial.com\/index.php?rest_route=\/wp\/v2\/users\/1"}],"replies":[{"embeddable":true,"href":"http:\/\/sbcostaricaindustrial.com\/index.php?rest_route=%2Fwp%2Fv2%2Fcomments&post=5"}],"version-history":[{"count":16,"href":"http:\/\/sbcostaricaindustrial.com\/index.php?rest_route=\/wp\/v2\/pages\/5\/revisions"}],"predecessor-version":[{"id":228,"href":"http:\/\/sbcostaricaindustrial.com\/index.php?rest_route=\/wp\/v2\/pages\/5\/revisions\/228"}],"wp:attachment":[{"href":"http:\/\/sbcostaricaindustrial.com\/index.php?rest_route=%2Fwp%2Fv2%2Fmedia&parent=5"}],"curies":[{"name":"wp","href":"https:\/\/api.w.org\/{rel}","templated":true}]}}